{"id":710,"date":"2018-12-17T22:00:58","date_gmt":"2018-12-17T21:00:58","guid":{"rendered":"https:\/\/www.becker-baustoffe.de\/cms\/?page_id=710"},"modified":"2023-10-13T09:37:39","modified_gmt":"2023-10-13T07:37:39","slug":"kundenkontoantrag","status":"publish","type":"page","link":"https:\/\/www.becker-baustoffe.de\/cms\/kundenkontoantrag\/","title":{"rendered":"Kundenkontoantrag"},"content":{"rendered":"<p>Bitte den Antrag auf Er\u00f6ffnung eines Kundenkontos herunterladen und m\u00f6glichst vollst\u00e4ndig ausf\u00fcllen.<\/p>\n<p>Vielen Dank.<\/p>\n<p><a href=\"https:\/\/www.becker-baustoffe.de\/cms\/wp-content\/uploads\/2023\/10\/Kontoantrag-2.jpg\"><span style=\"color: #ff6600;\"><strong>Antrag Kontoer\u00f6ffnung<\/strong><\/span><\/a><\/p>\n","protected":false},"excerpt":{"rendered":"<p>Bitte den Antrag auf Er\u00f6ffnung eines Kundenkontos herunterladen und m\u00f6glichst  weiterlesen ><\/p>\n","protected":false},"author":2,"featured_media":0,"parent":0,"menu_order":0,"comment_status":"closed","ping_status":"closed","template":"","meta":{"footnotes":""},"class_list":["post-710","page","type-page","status-publish","hentry"],"_links":{"self":[{"href":"https:\/\/www.becker-baustoffe.de\/cms\/wp-json\/wp\/v2\/pages\/710","targetHints":{"allow":["GET"]}}],"collection":[{"href":"https:\/\/www.becker-baustoffe.de\/cms\/wp-json\/wp\/v2\/pages"}],"about":[{"href":"https:\/\/www.becker-baustoffe.de\/cms\/wp-json\/wp\/v2\/types\/page"}],"author":[{"embeddable":true,"href":"https:\/\/www.becker-baustoffe.de\/cms\/wp-json\/wp\/v2\/users\/2"}],"replies":[{"embeddable":true,"href":"https:\/\/www.becker-baustoffe.de\/cms\/wp-json\/wp\/v2\/comments?post=710"}],"version-history":[{"count":2,"href":"https:\/\/www.becker-baustoffe.de\/cms\/wp-json\/wp\/v2\/pages\/710\/revisions"}],"predecessor-version":[{"id":1915,"href":"https:\/\/www.becker-baustoffe.de\/cms\/wp-json\/wp\/v2\/pages\/710\/revisions\/1915"}],"wp:attachment":[{"href":"https:\/\/www.becker-baustoffe.de\/cms\/wp-json\/wp\/v2\/media?parent=710"}],"curies":[{"name":"wp","href":"https:\/\/api.w.org\/{rel}","templated":true}]}}